{"id":22,"date":"2018-10-31T02:35:40","date_gmt":"2018-10-31T02:35:40","guid":{"rendered":"http:\/\/pinguineraschiloe.cl\/web\/?page_id=22"},"modified":"2018-12-05T11:40:21","modified_gmt":"2018-12-05T11:40:21","slug":"servicios-y-actividades","status":"publish","type":"page","link":"https:\/\/pinguineraschiloe.cl\/web\/en\/servicios-y-actividades\/","title":{"rendered":"Services and Activities"},"content":{"rendered":"<p>[et_pb_section bb_built=\u00bb1&#8243; fullwidth=\u00bbon\u00bb specialty=\u00bboff\u00bb next_background_color=\u00bb#000000&#8243;][et_pb_fullwidth_image _builder_version=\u00bb3.0.106&#8243; src=\u00bbhttp:\/\/pinguineraschiloe.cl\/web\/wp-content\/uploads\/2018\/10\/Mesa-de-trabajo-1-2.jpg\u00bb show_in_lightbox=\u00bboff\u00bb url_new_window=\u00bboff\u00bb use_overlay=\u00bboff\u00bb \/][\/et_pb_section][et_pb_section bb_built=\u00bb1&#8243; fullwidth=\u00bbon\u00bb specialty=\u00bboff\u00bb prev_background_color=\u00bb#000000&#8243; next_background_color=\u00bb#000000&#8243;][et_pb_fullwidth_header _builder_version=\u00bb3.0.106&#8243; title=\u00bbSerivicios y Actividades\u00bb subhead=\u00bbValoramos el potencial de nuestro lugar y te invitamos a conocerlo\u00bb header_fullscreen=\u00bboff\u00bb header_scroll_down=\u00bboff\u00bb image_orientation=\u00bbcenter\u00bb background_layout=\u00bbdark\u00bb content_orientation=\u00bbcenter\u00bb custom_button_one=\u00bboff\u00bb button_one_icon_placement=\u00bbright\u00bb custom_button_two=\u00bboff\u00bb button_two_icon_placement=\u00bbright\u00bb background_color=\u00bb#c4b943&#8243; \/][et_pb_fullwidth_portfolio _builder_version=\u00bb3.0.106&#8243; show_title=\u00bbon\u00bb show_date=\u00bboff\u00bb fullwidth=\u00bbon\u00bb zoom_icon_color=\u00bb#c4b943&#8243; hover_overlay_color=\u00bbrgba(81,95,31,0.76)\u00bb background_layout=\u00bbdark\u00bb portfolio_header_font_size_tablet=\u00bb51&#8243; portfolio_header_line_height_tablet=\u00bb2&#8243; include_categories=\u00bb6&#8243; hover_icon=\u00bb%%237%%\u00bb \/][et_pb_fullwidth_image _builder_version=\u00bb3.0.106&#8243; src=\u00bbhttp:\/\/pinguineraschiloe.cl\/web\/wp-content\/uploads\/2018\/11\/linea.jpg\u00bb show_in_lightbox=\u00bboff\u00bb url_new_window=\u00bboff\u00bb use_overlay=\u00bboff\u00bb \/][\/et_pb_section][et_pb_section bb_built=\u00bb1&#8243; admin_label=\u00bbsection\u00bb prev_background_color=\u00bb#000000&#8243; next_background_color=\u00bb#000000&#8243;][et_pb_row admin_label=\u00bbrow\u00bb background_position=\u00bbtop_left\u00bb background_repeat=\u00bbrepeat\u00bb background_size=\u00bbinitial\u00bb _builder_version=\u00bb3.0.106&#8243; make_fullwidth=\u00bbon\u00bb][et_pb_column type=\u00bb1_2&#8243;][et_pb_text admin_label=\u00bbText\u00bb background_position=\u00bbtop_left\u00bb background_repeat=\u00bbrepeat\u00bb background_size=\u00bbinitial\u00bb _builder_version=\u00bb3.0.106&#8243; background_layout=\u00bblight\u00bb]<\/p>\n<p style=\"text-align: justify;\">Ecoturismo Pu\u00f1ihuil est\u00e1 compuesto por 3 empresas familiares del sector Pu\u00f1ihuil que trabajan m\u00e1s de 12 a\u00f1os en conjunto. El trabajo asociativo nos ha permitido generar fuentes laborales para la gente del sector, incentivar a j\u00f3venes y adultos a estar comprometidos con nuestro medio ambiente y capacitarnos constantemente para que nuestros servicios cumplan con los est\u00e1ndares de seguridad y calidad tur\u00edstica.<\/p>\n<p>[\/et_pb_text][\/et_pb_column][et_pb_column type=\u00bb1_2&#8243;][et_pb_text admin_label=\u00bbText\u00bb background_position=\u00bbtop_left\u00bb background_repeat=\u00bbrepeat\u00bb background_size=\u00bbinitial\u00bb _builder_version=\u00bb3.0.106&#8243; background_layout=\u00bblight\u00bb]<\/p>\n<p style=\"text-align: justify;\"><em>Ecoturismo Pu\u00f1ihuil represents three family businesses who have been working together for more than 12 years. This collaboration has allowed us to create several income oportunities for local people, to achieve that young people as well as adults feel compromised with their environment and finally to continuously improve our services to make sure that they meet quality and security standards.<\/em><\/p>\n<p>[\/et_pb_text][\/et_pb_column][\/et_pb_row][\/et_pb_section][et_pb_section bb_built=\u00bb1&#8243; fullwidth=\u00bbon\u00bb specialty=\u00bboff\u00bb prev_background_color=\u00bb#000000&#8243;][et_pb_fullwidth_image _builder_version=\u00bb3.0.106&#8243; src=\u00bbhttp:\/\/pinguineraschiloe.cl\/web\/wp-content\/uploads\/2018\/10\/Mesa-de-trabajo-2-3.jpg\u00bb show_in_lightbox=\u00bboff\u00bb url_new_window=\u00bboff\u00bb use_overlay=\u00bboff\u00bb \/][\/et_pb_section]<\/p>\n","protected":false},"excerpt":{"rendered":"<p>[et_pb_section bb_built=\u00bb1&#8243; fullwidth=\u00bbon\u00bb specialty=\u00bboff\u00bb next_background_color=\u00bb#000000&#8243;][et_pb_fullwidth_image _builder_version=\u00bb3.0.106&#8243; src=\u00bbhttp:\/\/pinguineraschiloe.cl\/web\/wp-content\/uploads\/2018\/10\/Mesa-de-trabajo-1-2.jpg\u00bb show_in_lightbox=\u00bboff\u00bb url_new_window=\u00bboff\u00bb use_overlay=\u00bboff\u00bb \/][\/et_pb_section][et_pb_section bb_built=\u00bb1&#8243; fullwidth=\u00bbon\u00bb specialty=\u00bboff\u00bb prev_background_color=\u00bb#000000&#8243; next_background_color=\u00bb#000000&#8243;][et_pb_fullwidth_header _builder_version=\u00bb3.0.106&#8243; title=\u00bbSerivicios y Actividades\u00bb subhead=\u00bbValoramos el potencial de nuestro lugar y te invitamos a conocerlo\u00bb header_fullscreen=\u00bboff\u00bb header_scroll_down=\u00bboff\u00bb image_orientation=\u00bbcenter\u00bb background_layout=\u00bbdark\u00bb content_orientation=\u00bbcenter\u00bb custom_button_one=\u00bboff\u00bb button_one_icon_placement=\u00bbright\u00bb custom_button_two=\u00bboff\u00bb button_two_icon_placement=\u00bbright\u00bb background_color=\u00bb#c4b943&#8243; \/][et_pb_fullwidth_portfolio _builder_version=\u00bb3.0.106&#8243; show_title=\u00bbon\u00bb show_date=\u00bboff\u00bb fullwidth=\u00bbon\u00bb zoom_icon_color=\u00bb#c4b943&#8243; hover_overlay_color=\u00bbrgba(81,95,31,0.76)\u00bb background_layout=\u00bbdark\u00bb portfolio_header_font_size_tablet=\u00bb51&#8243; portfolio_header_line_height_tablet=\u00bb2&#8243; include_categories=\u00bb6&#8243; hover_icon=\u00bb%%237%%\u00bb \/][et_pb_fullwidth_image _builder_version=\u00bb3.0.106&#8243; [&hellip;]<\/p>\n","protected":false},"author":1,"featured_media":0,"parent":0,"menu_order":0,"comment_status":"closed","ping_status":"closed","template":"","meta":{"_joinchat":[],"footnotes":""},"class_list":["post-22","page","type-page","status-publish","hentry"],"yoast_head":"<!-- This site is optimized with the Yoast SEO plugin v27.4 - https:\/\/yoast.com\/product\/yoast-seo-wordpress\/ -->\n<title>Servicios y Actividades - Ecoturismo Pu\u00f1ihuil<\/title>\n<meta name=\"robots\" content=\"index, follow, max-snippet:-1, max-image-preview:large, max-video-preview:-1\" \/>\n<link rel=\"canonical\" href=\"https:\/\/pinguineraschiloe.cl\/web\/en\/servicios-y-actividades\/\" \/>\n<meta property=\"og:locale\" content=\"en_US\" \/>\n<meta property=\"og:type\" content=\"article\" \/>\n<meta property=\"og:title\" content=\"Servicios y Actividades - Ecoturismo Pu\u00f1ihuil\" \/>\n<meta property=\"og:description\" content=\"[et_pb_section bb_built=\u00bb1&#8243; fullwidth=\u00bbon\u00bb specialty=\u00bboff\u00bb next_background_color=\u00bb#000000&#8243;][et_pb_fullwidth_image _builder_version=\u00bb3.0.106&#8243; src=\u00bbhttp:\/\/pinguineraschiloe.cl\/web\/wp-content\/uploads\/2018\/10\/Mesa-de-trabajo-1-2.jpg\u00bb show_in_lightbox=\u00bboff\u00bb url_new_window=\u00bboff\u00bb use_overlay=\u00bboff\u00bb \/][\/et_pb_section][et_pb_section bb_built=\u00bb1&#8243; fullwidth=\u00bbon\u00bb specialty=\u00bboff\u00bb prev_background_color=\u00bb#000000&#8243; next_background_color=\u00bb#000000&#8243;][et_pb_fullwidth_header _builder_version=\u00bb3.0.106&#8243; title=\u00bbSerivicios y Actividades\u00bb subhead=\u00bbValoramos el potencial de nuestro lugar y te invitamos a conocerlo\u00bb header_fullscreen=\u00bboff\u00bb header_scroll_down=\u00bboff\u00bb image_orientation=\u00bbcenter\u00bb background_layout=\u00bbdark\u00bb content_orientation=\u00bbcenter\u00bb custom_button_one=\u00bboff\u00bb button_one_icon_placement=\u00bbright\u00bb custom_button_two=\u00bboff\u00bb button_two_icon_placement=\u00bbright\u00bb background_color=\u00bb#c4b943&#8243; \/][et_pb_fullwidth_portfolio _builder_version=\u00bb3.0.106&#8243; show_title=\u00bbon\u00bb show_date=\u00bboff\u00bb fullwidth=\u00bbon\u00bb zoom_icon_color=\u00bb#c4b943&#8243; hover_overlay_color=\u00bbrgba(81,95,31,0.76)\u00bb background_layout=\u00bbdark\u00bb portfolio_header_font_size_tablet=\u00bb51&#8243; portfolio_header_line_height_tablet=\u00bb2&#8243; include_categories=\u00bb6&#8243; hover_icon=\u00bb\u00bb \/][et_pb_fullwidth_image _builder_version=\u00bb3.0.106&#8243; [&hellip;]\" \/>\n<meta property=\"og:url\" content=\"https:\/\/pinguineraschiloe.cl\/web\/en\/servicios-y-actividades\/\" \/>\n<meta property=\"og:site_name\" content=\"Ecoturismo Pu\u00f1ihuil\" \/>\n<meta property=\"article:publisher\" content=\"https:\/\/www.facebook.com\/ecopinguineraspunihuil\" \/>\n<meta property=\"article:modified_time\" content=\"2018-12-05T11:40:21+00:00\" \/>\n<meta name=\"twitter:card\" content=\"summary_large_image\" \/>\n<meta name=\"twitter:label1\" content=\"Est. reading time\" \/>\n\t<meta name=\"twitter:data1\" content=\"2 minutes\" \/>\n<script type=\"application\/ld+json\" class=\"yoast-schema-graph\">{\"@context\":\"https:\\\/\\\/schema.org\",\"@graph\":[{\"@type\":\"WebPage\",\"@id\":\"https:\\\/\\\/pinguineraschiloe.cl\\\/web\\\/servicios-y-actividades\\\/\",\"url\":\"https:\\\/\\\/pinguineraschiloe.cl\\\/web\\\/servicios-y-actividades\\\/\",\"name\":\"Servicios y Actividades - Ecoturismo Pu\u00f1ihuil\",\"isPartOf\":{\"@id\":\"https:\\\/\\\/pinguineraschiloe.cl\\\/web\\\/#website\"},\"datePublished\":\"2018-10-31T02:35:40+00:00\",\"dateModified\":\"2018-12-05T11:40:21+00:00\",\"breadcrumb\":{\"@id\":\"https:\\\/\\\/pinguineraschiloe.cl\\\/web\\\/servicios-y-actividades\\\/#breadcrumb\"},\"inLanguage\":\"en-US\",\"potentialAction\":[{\"@type\":\"ReadAction\",\"target\":[\"https:\\\/\\\/pinguineraschiloe.cl\\\/web\\\/servicios-y-actividades\\\/\"]}]},{\"@type\":\"BreadcrumbList\",\"@id\":\"https:\\\/\\\/pinguineraschiloe.cl\\\/web\\\/servicios-y-actividades\\\/#breadcrumb\",\"itemListElement\":[{\"@type\":\"ListItem\",\"position\":1,\"name\":\"Portada\",\"item\":\"https:\\\/\\\/pinguineraschiloe.cl\\\/web\\\/\"},{\"@type\":\"ListItem\",\"position\":2,\"name\":\"Servicios y Actividades\"}]},{\"@type\":\"WebSite\",\"@id\":\"https:\\\/\\\/pinguineraschiloe.cl\\\/web\\\/#website\",\"url\":\"https:\\\/\\\/pinguineraschiloe.cl\\\/web\\\/\",\"name\":\"Ecoturismo Pu\u00f1ihuil\",\"description\":\"Tour en bote por Pu\u00f1ihuil, Chilo\u00e9\",\"publisher\":{\"@id\":\"https:\\\/\\\/pinguineraschiloe.cl\\\/web\\\/#organization\"},\"potentialAction\":[{\"@type\":\"SearchAction\",\"target\":{\"@type\":\"EntryPoint\",\"urlTemplate\":\"https:\\\/\\\/pinguineraschiloe.cl\\\/web\\\/?s={search_term_string}\"},\"query-input\":{\"@type\":\"PropertyValueSpecification\",\"valueRequired\":true,\"valueName\":\"search_term_string\"}}],\"inLanguage\":\"en-US\"},{\"@type\":\"Organization\",\"@id\":\"https:\\\/\\\/pinguineraschiloe.cl\\\/web\\\/#organization\",\"name\":\"Ecoturismo Pu\u00f1ihuil\",\"url\":\"https:\\\/\\\/pinguineraschiloe.cl\\\/web\\\/\",\"logo\":{\"@type\":\"ImageObject\",\"inLanguage\":\"en-US\",\"@id\":\"https:\\\/\\\/pinguineraschiloe.cl\\\/web\\\/#\\\/schema\\\/logo\\\/image\\\/\",\"url\":\"https:\\\/\\\/pinguineraschiloe.cl\\\/web\\\/wp-content\\\/uploads\\\/2018\\\/11\\\/logo.jpg\",\"contentUrl\":\"https:\\\/\\\/pinguineraschiloe.cl\\\/web\\\/wp-content\\\/uploads\\\/2018\\\/11\\\/logo.jpg\",\"width\":300,\"height\":300,\"caption\":\"Ecoturismo Pu\u00f1ihuil\"},\"image\":{\"@id\":\"https:\\\/\\\/pinguineraschiloe.cl\\\/web\\\/#\\\/schema\\\/logo\\\/image\\\/\"},\"sameAs\":[\"https:\\\/\\\/www.facebook.com\\\/ecopinguineraspunihuil\",\"https:\\\/\\\/instagram.com\\\/ecopunihuil\"]}]}<\/script>\n<!-- \/ Yoast SEO plugin. -->","yoast_head_json":{"title":"Servicios y Actividades - Ecoturismo Pu\u00f1ihuil","robots":{"index":"index","follow":"follow","max-snippet":"max-snippet:-1","max-image-preview":"max-image-preview:large","max-video-preview":"max-video-preview:-1"},"canonical":"https:\/\/pinguineraschiloe.cl\/web\/en\/servicios-y-actividades\/","og_locale":"en_US","og_type":"article","og_title":"Servicios y Actividades - Ecoturismo Pu\u00f1ihuil","og_description":"[et_pb_section bb_built=\u00bb1&#8243; fullwidth=\u00bbon\u00bb specialty=\u00bboff\u00bb next_background_color=\u00bb#000000&#8243;][et_pb_fullwidth_image _builder_version=\u00bb3.0.106&#8243; src=\u00bbhttp:\/\/pinguineraschiloe.cl\/web\/wp-content\/uploads\/2018\/10\/Mesa-de-trabajo-1-2.jpg\u00bb show_in_lightbox=\u00bboff\u00bb url_new_window=\u00bboff\u00bb use_overlay=\u00bboff\u00bb \/][\/et_pb_section][et_pb_section bb_built=\u00bb1&#8243; fullwidth=\u00bbon\u00bb specialty=\u00bboff\u00bb prev_background_color=\u00bb#000000&#8243; next_background_color=\u00bb#000000&#8243;][et_pb_fullwidth_header _builder_version=\u00bb3.0.106&#8243; title=\u00bbSerivicios y Actividades\u00bb subhead=\u00bbValoramos el potencial de nuestro lugar y te invitamos a conocerlo\u00bb header_fullscreen=\u00bboff\u00bb header_scroll_down=\u00bboff\u00bb image_orientation=\u00bbcenter\u00bb background_layout=\u00bbdark\u00bb content_orientation=\u00bbcenter\u00bb custom_button_one=\u00bboff\u00bb button_one_icon_placement=\u00bbright\u00bb custom_button_two=\u00bboff\u00bb button_two_icon_placement=\u00bbright\u00bb background_color=\u00bb#c4b943&#8243; \/][et_pb_fullwidth_portfolio _builder_version=\u00bb3.0.106&#8243; show_title=\u00bbon\u00bb show_date=\u00bboff\u00bb fullwidth=\u00bbon\u00bb zoom_icon_color=\u00bb#c4b943&#8243; hover_overlay_color=\u00bbrgba(81,95,31,0.76)\u00bb background_layout=\u00bbdark\u00bb portfolio_header_font_size_tablet=\u00bb51&#8243; portfolio_header_line_height_tablet=\u00bb2&#8243; include_categories=\u00bb6&#8243; hover_icon=\u00bb\u00bb \/][et_pb_fullwidth_image _builder_version=\u00bb3.0.106&#8243; [&hellip;]","og_url":"https:\/\/pinguineraschiloe.cl\/web\/en\/servicios-y-actividades\/","og_site_name":"Ecoturismo Pu\u00f1ihuil","article_publisher":"https:\/\/www.facebook.com\/ecopinguineraspunihuil","article_modified_time":"2018-12-05T11:40:21+00:00","twitter_card":"summary_large_image","twitter_misc":{"Est. reading time":"2 minutes"},"schema":{"@context":"https:\/\/schema.org","@graph":[{"@type":"WebPage","@id":"https:\/\/pinguineraschiloe.cl\/web\/servicios-y-actividades\/","url":"https:\/\/pinguineraschiloe.cl\/web\/servicios-y-actividades\/","name":"Servicios y Actividades - Ecoturismo Pu\u00f1ihuil","isPartOf":{"@id":"https:\/\/pinguineraschiloe.cl\/web\/#website"},"datePublished":"2018-10-31T02:35:40+00:00","dateModified":"2018-12-05T11:40:21+00:00","breadcrumb":{"@id":"https:\/\/pinguineraschiloe.cl\/web\/servicios-y-actividades\/#breadcrumb"},"inLanguage":"en-US","potentialAction":[{"@type":"ReadAction","target":["https:\/\/pinguineraschiloe.cl\/web\/servicios-y-actividades\/"]}]},{"@type":"BreadcrumbList","@id":"https:\/\/pinguineraschiloe.cl\/web\/servicios-y-actividades\/#breadcrumb","itemListElement":[{"@type":"ListItem","position":1,"name":"Portada","item":"https:\/\/pinguineraschiloe.cl\/web\/"},{"@type":"ListItem","position":2,"name":"Servicios y Actividades"}]},{"@type":"WebSite","@id":"https:\/\/pinguineraschiloe.cl\/web\/#website","url":"https:\/\/pinguineraschiloe.cl\/web\/","name":"Ecotourism Pu\u00f1ihuil","description":"Tour en bote por Pu\u00f1ihuil, Chilo\u00e9","publisher":{"@id":"https:\/\/pinguineraschiloe.cl\/web\/#organization"},"potentialAction":[{"@type":"SearchAction","target":{"@type":"EntryPoint","urlTemplate":"https:\/\/pinguineraschiloe.cl\/web\/?s={search_term_string}"},"query-input":{"@type":"PropertyValueSpecification","valueRequired":true,"valueName":"search_term_string"}}],"inLanguage":"en-US"},{"@type":"Organization","@id":"https:\/\/pinguineraschiloe.cl\/web\/#organization","name":"Ecotourism Pu\u00f1ihuil","url":"https:\/\/pinguineraschiloe.cl\/web\/","logo":{"@type":"ImageObject","inLanguage":"en-US","@id":"https:\/\/pinguineraschiloe.cl\/web\/#\/schema\/logo\/image\/","url":"https:\/\/pinguineraschiloe.cl\/web\/wp-content\/uploads\/2018\/11\/logo.jpg","contentUrl":"https:\/\/pinguineraschiloe.cl\/web\/wp-content\/uploads\/2018\/11\/logo.jpg","width":300,"height":300,"caption":"Ecoturismo Pu\u00f1ihuil"},"image":{"@id":"https:\/\/pinguineraschiloe.cl\/web\/#\/schema\/logo\/image\/"},"sameAs":["https:\/\/www.facebook.com\/ecopinguineraspunihuil","https:\/\/instagram.com\/ecopunihuil"]}]}},"_links":{"self":[{"href":"https:\/\/pinguineraschiloe.cl\/web\/en\/wp-json\/wp\/v2\/pages\/22","targetHints":{"allow":["GET"]}}],"collection":[{"href":"https:\/\/pinguineraschiloe.cl\/web\/en\/wp-json\/wp\/v2\/pages"}],"about":[{"href":"https:\/\/pinguineraschiloe.cl\/web\/en\/wp-json\/wp\/v2\/types\/page"}],"author":[{"embeddable":true,"href":"https:\/\/pinguineraschiloe.cl\/web\/en\/wp-json\/wp\/v2\/users\/1"}],"replies":[{"embeddable":true,"href":"https:\/\/pinguineraschiloe.cl\/web\/en\/wp-json\/wp\/v2\/comments?post=22"}],"version-history":[{"count":16,"href":"https:\/\/pinguineraschiloe.cl\/web\/en\/wp-json\/wp\/v2\/pages\/22\/revisions"}],"predecessor-version":[{"id":442,"href":"https:\/\/pinguineraschiloe.cl\/web\/en\/wp-json\/wp\/v2\/pages\/22\/revisions\/442"}],"wp:attachment":[{"href":"https:\/\/pinguineraschiloe.cl\/web\/en\/wp-json\/wp\/v2\/media?parent=22"}],"curies":[{"name":"wp","href":"https:\/\/api.w.org\/{rel}","templated":true}]}}