{"id":28,"date":"2018-10-31T02:36:45","date_gmt":"2018-10-31T02:36:45","guid":{"rendered":"http:\/\/pinguineraschiloe.cl\/web\/?page_id=28"},"modified":"2023-10-26T15:03:31","modified_gmt":"2023-10-26T18:03:31","slug":"como-llegar","status":"publish","type":"page","link":"https:\/\/pinguineraschiloe.cl\/web\/en\/como-llegar\/","title":{"rendered":"How to get"},"content":{"rendered":"<p>[et_pb_section bb_built=\u00bb1&#8243; fullwidth=\u00bbon\u00bb specialty=\u00bboff\u00bb next_background_color=\u00bb#000000&#8243;][et_pb_fullwidth_image _builder_version=\u00bb3.0.106&#8243; src=\u00bbhttp:\/\/pinguineraschiloe.cl\/web\/wp-content\/uploads\/2018\/12\/2.jpg\u00bb show_in_lightbox=\u00bboff\u00bb url_new_window=\u00bboff\u00bb use_overlay=\u00bboff\u00bb \/][et_pb_fullwidth_image _builder_version=\u00bb3.0.106&#8243; src=\u00bbhttp:\/\/pinguineraschiloe.cl\/web\/wp-content\/uploads\/2018\/11\/linea.jpg\u00bb show_in_lightbox=\u00bboff\u00bb url_new_window=\u00bboff\u00bb use_overlay=\u00bboff\u00bb \/][\/et_pb_section][et_pb_section bb_built=\u00bb1&#8243; admin_label=\u00bbsection\u00bb prev_background_color=\u00bb#000000&#8243; next_background_color=\u00bb#000000&#8243;][et_pb_row admin_label=\u00bbrow\u00bb background_position=\u00bbtop_left\u00bb background_repeat=\u00bbrepeat\u00bb background_size=\u00bbinitial\u00bb][et_pb_column type=\u00bb4_4&#8243;][et_pb_text admin_label=\u00bbText\u00bb background_position=\u00bbtop_left\u00bb background_repeat=\u00bbrepeat\u00bb background_size=\u00bbinitial\u00bb _builder_version=\u00bb3.0.106&#8243; background_layout=\u00bblight\u00bb]<\/p>\n<h2><strong>C\u00f3mo llegar<\/strong><\/h2>\n<p>[\/et_pb_text][et_pb_code _builder_version=\u00bb3.0.106&#8243;]&lt;iframe src=\u00bbhttps:\/\/www.google.com\/maps\/d\/embed?mid=1sMSnm6RwHW_yXmtauHAXd6SyrNwbGqw&amp;ehbc=2E312F\u00bb width=\u00bb960&#8243; height=\u00bb640&#8243;&gt;&lt;\/iframe&gt;[\/et_pb_code][et_pb_text admin_label=\u00bbText\u00bb background_position=\u00bbtop_left\u00bb background_repeat=\u00bbrepeat\u00bb background_size=\u00bbinitial\u00bb _builder_version=\u00bb3.0.106&#8243; background_layout=\u00bblight\u00bb]<\/p>\n<p style=\"text-align: left;\"><strong>En Auto:<\/strong><br \/>\nSalga de la ciudad de Ancud avanzando por la\u00a0costanera hacia el noroeste. Contin\u00fae el camino\u00a0asfaltado con precauci\u00f3n, hay baches. Despu\u00e9s de 11\u00a0km deber\u00e1 doblar a la izquierda,\u00a0est\u00e1 se\u00f1alizado. Avance 11 kil\u00f3metros hasta llegar a\u00a0una bifurcaci\u00f3n, junto al mirador a Mar Brava (Piedra Run). Tome el\u00a0camino de la derecha y avance 2 Km para llegar al\u00a0<em>Monumento Natural Islotes de Pu\u00f1ihuil.<\/em><\/p>\n<p>Nuestra oficina esta ubicada en el mismo recinto que el <strong>Restaurant Bah\u00eda Pu\u00f1ihuil.<\/strong><\/p>\n<p style=\"text-align: left;\">No hay estaciones de Servicio en el camino.<\/p>\n<p style=\"text-align: left;\"><strong>Transporte P\u00fablico:<\/strong><\/p>\n<p style=\"text-align: left;\">Valor del pasaje: $3000<\/p>\n<p style=\"text-align: left;\">Lunes, Mi\u00e9rcoles y Viernes a las 13.00 horas desde <strong>Terminal Rural de Ancud<\/strong>.<\/p>\n<p>Si necesita transporte, podemos proporcionarle n\u00fameros de tel\u00e9fono de servicios de transporte privado que realizan viajes desde y hacia Pu\u00f1ihuil. Para obtener esta informaci\u00f3n, por favor env\u00edenos un mensaje a trav\u00e9s de WhatsApp al n\u00famero +569 83174302.<\/p>\n<p>[\/et_pb_text][et_pb_image _builder_version=\u00bb3.0.106&#8243; src=\u00bbhttp:\/\/pinguineraschiloe.cl\/web\/wp-content\/uploads\/2018\/12\/img-inferior-mapa.jpg\u00bb show_in_lightbox=\u00bboff\u00bb url_new_window=\u00bboff\u00bb use_overlay=\u00bboff\u00bb always_center_on_mobile=\u00bbon\u00bb force_fullwidth=\u00bboff\u00bb show_bottom_space=\u00bbon\u00bb \/][\/et_pb_column][\/et_pb_row][\/et_pb_section][et_pb_section bb_built=\u00bb1&#8243; fullwidth=\u00bbon\u00bb specialty=\u00bboff\u00bb prev_background_color=\u00bb#000000&#8243;][et_pb_fullwidth_image _builder_version=\u00bb3.0.106&#8243; src=\u00bbhttp:\/\/pinguineraschiloe.cl\/web\/wp-content\/uploads\/2018\/11\/linea.jpg\u00bb show_in_lightbox=\u00bboff\u00bb url_new_window=\u00bboff\u00bb use_overlay=\u00bboff\u00bb \/][et_pb_fullwidth_image _builder_version=\u00bb3.0.106&#8243; src=\u00bbhttp:\/\/pinguineraschiloe.cl\/web\/wp-content\/uploads\/2018\/12\/1.jpg\u00bb show_in_lightbox=\u00bboff\u00bb url_new_window=\u00bboff\u00bb use_overlay=\u00bboff\u00bb \/][\/et_pb_section]<\/p>\n","protected":false},"excerpt":{"rendered":"<p>[et_pb_section bb_built=\u00bb1&#8243; fullwidth=\u00bbon\u00bb specialty=\u00bboff\u00bb next_background_color=\u00bb#000000&#8243;][et_pb_fullwidth_image _builder_version=\u00bb3.0.106&#8243; src=\u00bbhttp:\/\/pinguineraschiloe.cl\/web\/wp-content\/uploads\/2018\/12\/2.jpg\u00bb show_in_lightbox=\u00bboff\u00bb url_new_window=\u00bboff\u00bb use_overlay=\u00bboff\u00bb \/][et_pb_fullwidth_image _builder_version=\u00bb3.0.106&#8243; src=\u00bbhttp:\/\/pinguineraschiloe.cl\/web\/wp-content\/uploads\/2018\/11\/linea.jpg\u00bb show_in_lightbox=\u00bboff\u00bb url_new_window=\u00bboff\u00bb use_overlay=\u00bboff\u00bb \/][\/et_pb_section][et_pb_section bb_built=\u00bb1&#8243; admin_label=\u00bbsection\u00bb prev_background_color=\u00bb#000000&#8243; next_background_color=\u00bb#000000&#8243;][et_pb_row admin_label=\u00bbrow\u00bb background_position=\u00bbtop_left\u00bb background_repeat=\u00bbrepeat\u00bb background_size=\u00bbinitial\u00bb][et_pb_column type=\u00bb4_4&#8243;][et_pb_text admin_label=\u00bbText\u00bb background_position=\u00bbtop_left\u00bb background_repeat=\u00bbrepeat\u00bb background_size=\u00bbinitial\u00bb _builder_version=\u00bb3.0.106&#8243; background_layout=\u00bblight\u00bb] C\u00f3mo llegar [\/et_pb_text][et_pb_code _builder_version=\u00bb3.0.106&#8243;]&lt;iframe src=\u00bbhttps:\/\/www.google.com\/maps\/d\/embed?mid=1sMSnm6RwHW_yXmtauHAXd6SyrNwbGqw&amp;ehbc=2E312F\u00bb width=\u00bb960&#8243; height=\u00bb640&#8243;&gt;&lt;\/iframe&gt;[\/et_pb_code][et_pb_text admin_label=\u00bbText\u00bb background_position=\u00bbtop_left\u00bb background_repeat=\u00bbrepeat\u00bb background_size=\u00bbinitial\u00bb _builder_version=\u00bb3.0.106&#8243; background_layout=\u00bblight\u00bb] En Auto: Salga de la ciudad de Ancud avanzando por [&hellip;]<\/p>\n","protected":false},"author":1,"featured_media":0,"parent":0,"menu_order":0,"comment_status":"closed","ping_status":"closed","template":"","meta":{"_joinchat":[],"footnotes":""},"class_list":["post-28","page","type-page","status-publish","hentry"],"yoast_head":"<!-- This site is optimized with the Yoast SEO plugin v27.4 - https:\/\/yoast.com\/product\/yoast-seo-wordpress\/ -->\n<title>C\u00f3mo Llegar - Ecoturismo Pu\u00f1ihuil<\/title>\n<meta name=\"robots\" content=\"index, follow, max-snippet:-1, max-image-preview:large, max-video-preview:-1\" \/>\n<link rel=\"canonical\" href=\"https:\/\/pinguineraschiloe.cl\/web\/en\/como-llegar\/\" \/>\n<meta property=\"og:locale\" content=\"en_US\" \/>\n<meta property=\"og:type\" content=\"article\" \/>\n<meta property=\"og:title\" content=\"C\u00f3mo Llegar - Ecoturismo Pu\u00f1ihuil\" \/>\n<meta property=\"og:description\" content=\"[et_pb_section bb_built=\u00bb1&#8243; fullwidth=\u00bbon\u00bb specialty=\u00bboff\u00bb next_background_color=\u00bb#000000&#8243;][et_pb_fullwidth_image _builder_version=\u00bb3.0.106&#8243; src=\u00bbhttp:\/\/pinguineraschiloe.cl\/web\/wp-content\/uploads\/2018\/12\/2.jpg\u00bb show_in_lightbox=\u00bboff\u00bb url_new_window=\u00bboff\u00bb use_overlay=\u00bboff\u00bb \/][et_pb_fullwidth_image _builder_version=\u00bb3.0.106&#8243; src=\u00bbhttp:\/\/pinguineraschiloe.cl\/web\/wp-content\/uploads\/2018\/11\/linea.jpg\u00bb show_in_lightbox=\u00bboff\u00bb url_new_window=\u00bboff\u00bb use_overlay=\u00bboff\u00bb \/][\/et_pb_section][et_pb_section bb_built=\u00bb1&#8243; admin_label=\u00bbsection\u00bb prev_background_color=\u00bb#000000&#8243; next_background_color=\u00bb#000000&#8243;][et_pb_row admin_label=\u00bbrow\u00bb background_position=\u00bbtop_left\u00bb background_repeat=\u00bbrepeat\u00bb background_size=\u00bbinitial\u00bb][et_pb_column type=\u00bb4_4&#8243;][et_pb_text admin_label=\u00bbText\u00bb background_position=\u00bbtop_left\u00bb background_repeat=\u00bbrepeat\u00bb background_size=\u00bbinitial\u00bb _builder_version=\u00bb3.0.106&#8243; background_layout=\u00bblight\u00bb] C\u00f3mo llegar [\/et_pb_text][et_pb_code _builder_version=\u00bb3.0.106&#8243;]&lt;iframe src=\u00bbhttps:\/\/www.google.com\/maps\/d\/embed?mid=1sMSnm6RwHW_yXmtauHAXd6SyrNwbGqw&amp;ehbc=2E312F\u00bb width=\u00bb960&#8243; height=\u00bb640&#8243;&gt;&lt;\/iframe&gt;[\/et_pb_code][et_pb_text admin_label=\u00bbText\u00bb background_position=\u00bbtop_left\u00bb background_repeat=\u00bbrepeat\u00bb background_size=\u00bbinitial\u00bb _builder_version=\u00bb3.0.106&#8243; background_layout=\u00bblight\u00bb] En Auto: Salga de la ciudad de Ancud avanzando por [&hellip;]\" \/>\n<meta property=\"og:url\" content=\"https:\/\/pinguineraschiloe.cl\/web\/en\/como-llegar\/\" \/>\n<meta property=\"og:site_name\" content=\"Ecoturismo Pu\u00f1ihuil\" \/>\n<meta property=\"article:publisher\" content=\"https:\/\/www.facebook.com\/ecopinguineraspunihuil\" \/>\n<meta property=\"article:modified_time\" content=\"2023-10-26T18:03:31+00:00\" \/>\n<meta name=\"twitter:card\" content=\"summary_large_image\" \/>\n<meta name=\"twitter:label1\" content=\"Est. reading time\" \/>\n\t<meta name=\"twitter:data1\" content=\"1 minute\" \/>\n<script type=\"application\/ld+json\" class=\"yoast-schema-graph\">{\"@context\":\"https:\\\/\\\/schema.org\",\"@graph\":[{\"@type\":\"WebPage\",\"@id\":\"https:\\\/\\\/pinguineraschiloe.cl\\\/web\\\/como-llegar\\\/\",\"url\":\"https:\\\/\\\/pinguineraschiloe.cl\\\/web\\\/como-llegar\\\/\",\"name\":\"C\u00f3mo Llegar - Ecoturismo Pu\u00f1ihuil\",\"isPartOf\":{\"@id\":\"https:\\\/\\\/pinguineraschiloe.cl\\\/web\\\/#website\"},\"datePublished\":\"2018-10-31T02:36:45+00:00\",\"dateModified\":\"2023-10-26T18:03:31+00:00\",\"breadcrumb\":{\"@id\":\"https:\\\/\\\/pinguineraschiloe.cl\\\/web\\\/como-llegar\\\/#breadcrumb\"},\"inLanguage\":\"en-US\",\"potentialAction\":[{\"@type\":\"ReadAction\",\"target\":[\"https:\\\/\\\/pinguineraschiloe.cl\\\/web\\\/como-llegar\\\/\"]}]},{\"@type\":\"BreadcrumbList\",\"@id\":\"https:\\\/\\\/pinguineraschiloe.cl\\\/web\\\/como-llegar\\\/#breadcrumb\",\"itemListElement\":[{\"@type\":\"ListItem\",\"position\":1,\"name\":\"Portada\",\"item\":\"https:\\\/\\\/pinguineraschiloe.cl\\\/web\\\/\"},{\"@type\":\"ListItem\",\"position\":2,\"name\":\"C\u00f3mo Llegar\"}]},{\"@type\":\"WebSite\",\"@id\":\"https:\\\/\\\/pinguineraschiloe.cl\\\/web\\\/#website\",\"url\":\"https:\\\/\\\/pinguineraschiloe.cl\\\/web\\\/\",\"name\":\"Ecoturismo Pu\u00f1ihuil\",\"description\":\"Tour en bote por Pu\u00f1ihuil, Chilo\u00e9\",\"publisher\":{\"@id\":\"https:\\\/\\\/pinguineraschiloe.cl\\\/web\\\/#organization\"},\"potentialAction\":[{\"@type\":\"SearchAction\",\"target\":{\"@type\":\"EntryPoint\",\"urlTemplate\":\"https:\\\/\\\/pinguineraschiloe.cl\\\/web\\\/?s={search_term_string}\"},\"query-input\":{\"@type\":\"PropertyValueSpecification\",\"valueRequired\":true,\"valueName\":\"search_term_string\"}}],\"inLanguage\":\"en-US\"},{\"@type\":\"Organization\",\"@id\":\"https:\\\/\\\/pinguineraschiloe.cl\\\/web\\\/#organization\",\"name\":\"Ecoturismo Pu\u00f1ihuil\",\"url\":\"https:\\\/\\\/pinguineraschiloe.cl\\\/web\\\/\",\"logo\":{\"@type\":\"ImageObject\",\"inLanguage\":\"en-US\",\"@id\":\"https:\\\/\\\/pinguineraschiloe.cl\\\/web\\\/#\\\/schema\\\/logo\\\/image\\\/\",\"url\":\"https:\\\/\\\/pinguineraschiloe.cl\\\/web\\\/wp-content\\\/uploads\\\/2018\\\/11\\\/logo.jpg\",\"contentUrl\":\"https:\\\/\\\/pinguineraschiloe.cl\\\/web\\\/wp-content\\\/uploads\\\/2018\\\/11\\\/logo.jpg\",\"width\":300,\"height\":300,\"caption\":\"Ecoturismo Pu\u00f1ihuil\"},\"image\":{\"@id\":\"https:\\\/\\\/pinguineraschiloe.cl\\\/web\\\/#\\\/schema\\\/logo\\\/image\\\/\"},\"sameAs\":[\"https:\\\/\\\/www.facebook.com\\\/ecopinguineraspunihuil\",\"https:\\\/\\\/instagram.com\\\/ecopunihuil\"]}]}<\/script>\n<!-- \/ Yoast SEO plugin. -->","yoast_head_json":{"title":"C\u00f3mo Llegar - Ecoturismo Pu\u00f1ihuil","robots":{"index":"index","follow":"follow","max-snippet":"max-snippet:-1","max-image-preview":"max-image-preview:large","max-video-preview":"max-video-preview:-1"},"canonical":"https:\/\/pinguineraschiloe.cl\/web\/en\/como-llegar\/","og_locale":"en_US","og_type":"article","og_title":"C\u00f3mo Llegar - Ecoturismo Pu\u00f1ihuil","og_description":"[et_pb_section bb_built=\u00bb1&#8243; fullwidth=\u00bbon\u00bb specialty=\u00bboff\u00bb next_background_color=\u00bb#000000&#8243;][et_pb_fullwidth_image _builder_version=\u00bb3.0.106&#8243; src=\u00bbhttp:\/\/pinguineraschiloe.cl\/web\/wp-content\/uploads\/2018\/12\/2.jpg\u00bb show_in_lightbox=\u00bboff\u00bb url_new_window=\u00bboff\u00bb use_overlay=\u00bboff\u00bb \/][et_pb_fullwidth_image _builder_version=\u00bb3.0.106&#8243; src=\u00bbhttp:\/\/pinguineraschiloe.cl\/web\/wp-content\/uploads\/2018\/11\/linea.jpg\u00bb show_in_lightbox=\u00bboff\u00bb url_new_window=\u00bboff\u00bb use_overlay=\u00bboff\u00bb \/][\/et_pb_section][et_pb_section bb_built=\u00bb1&#8243; admin_label=\u00bbsection\u00bb prev_background_color=\u00bb#000000&#8243; next_background_color=\u00bb#000000&#8243;][et_pb_row admin_label=\u00bbrow\u00bb background_position=\u00bbtop_left\u00bb background_repeat=\u00bbrepeat\u00bb background_size=\u00bbinitial\u00bb][et_pb_column type=\u00bb4_4&#8243;][et_pb_text admin_label=\u00bbText\u00bb background_position=\u00bbtop_left\u00bb background_repeat=\u00bbrepeat\u00bb background_size=\u00bbinitial\u00bb _builder_version=\u00bb3.0.106&#8243; background_layout=\u00bblight\u00bb] C\u00f3mo llegar [\/et_pb_text][et_pb_code _builder_version=\u00bb3.0.106&#8243;]&lt;iframe src=\u00bbhttps:\/\/www.google.com\/maps\/d\/embed?mid=1sMSnm6RwHW_yXmtauHAXd6SyrNwbGqw&amp;ehbc=2E312F\u00bb width=\u00bb960&#8243; height=\u00bb640&#8243;&gt;&lt;\/iframe&gt;[\/et_pb_code][et_pb_text admin_label=\u00bbText\u00bb background_position=\u00bbtop_left\u00bb background_repeat=\u00bbrepeat\u00bb background_size=\u00bbinitial\u00bb _builder_version=\u00bb3.0.106&#8243; background_layout=\u00bblight\u00bb] En Auto: Salga de la ciudad de Ancud avanzando por [&hellip;]","og_url":"https:\/\/pinguineraschiloe.cl\/web\/en\/como-llegar\/","og_site_name":"Ecoturismo Pu\u00f1ihuil","article_publisher":"https:\/\/www.facebook.com\/ecopinguineraspunihuil","article_modified_time":"2023-10-26T18:03:31+00:00","twitter_card":"summary_large_image","twitter_misc":{"Est. reading time":"1 minute"},"schema":{"@context":"https:\/\/schema.org","@graph":[{"@type":"WebPage","@id":"https:\/\/pinguineraschiloe.cl\/web\/como-llegar\/","url":"https:\/\/pinguineraschiloe.cl\/web\/como-llegar\/","name":"C\u00f3mo Llegar - Ecoturismo Pu\u00f1ihuil","isPartOf":{"@id":"https:\/\/pinguineraschiloe.cl\/web\/#website"},"datePublished":"2018-10-31T02:36:45+00:00","dateModified":"2023-10-26T18:03:31+00:00","breadcrumb":{"@id":"https:\/\/pinguineraschiloe.cl\/web\/como-llegar\/#breadcrumb"},"inLanguage":"en-US","potentialAction":[{"@type":"ReadAction","target":["https:\/\/pinguineraschiloe.cl\/web\/como-llegar\/"]}]},{"@type":"BreadcrumbList","@id":"https:\/\/pinguineraschiloe.cl\/web\/como-llegar\/#breadcrumb","itemListElement":[{"@type":"ListItem","position":1,"name":"Portada","item":"https:\/\/pinguineraschiloe.cl\/web\/"},{"@type":"ListItem","position":2,"name":"C\u00f3mo Llegar"}]},{"@type":"WebSite","@id":"https:\/\/pinguineraschiloe.cl\/web\/#website","url":"https:\/\/pinguineraschiloe.cl\/web\/","name":"Ecotourism Pu\u00f1ihuil","description":"Tour en bote por Pu\u00f1ihuil, Chilo\u00e9","publisher":{"@id":"https:\/\/pinguineraschiloe.cl\/web\/#organization"},"potentialAction":[{"@type":"SearchAction","target":{"@type":"EntryPoint","urlTemplate":"https:\/\/pinguineraschiloe.cl\/web\/?s={search_term_string}"},"query-input":{"@type":"PropertyValueSpecification","valueRequired":true,"valueName":"search_term_string"}}],"inLanguage":"en-US"},{"@type":"Organization","@id":"https:\/\/pinguineraschiloe.cl\/web\/#organization","name":"Ecotourism Pu\u00f1ihuil","url":"https:\/\/pinguineraschiloe.cl\/web\/","logo":{"@type":"ImageObject","inLanguage":"en-US","@id":"https:\/\/pinguineraschiloe.cl\/web\/#\/schema\/logo\/image\/","url":"https:\/\/pinguineraschiloe.cl\/web\/wp-content\/uploads\/2018\/11\/logo.jpg","contentUrl":"https:\/\/pinguineraschiloe.cl\/web\/wp-content\/uploads\/2018\/11\/logo.jpg","width":300,"height":300,"caption":"Ecoturismo Pu\u00f1ihuil"},"image":{"@id":"https:\/\/pinguineraschiloe.cl\/web\/#\/schema\/logo\/image\/"},"sameAs":["https:\/\/www.facebook.com\/ecopinguineraspunihuil","https:\/\/instagram.com\/ecopunihuil"]}]}},"_links":{"self":[{"href":"https:\/\/pinguineraschiloe.cl\/web\/en\/wp-json\/wp\/v2\/pages\/28","targetHints":{"allow":["GET"]}}],"collection":[{"href":"https:\/\/pinguineraschiloe.cl\/web\/en\/wp-json\/wp\/v2\/pages"}],"about":[{"href":"https:\/\/pinguineraschiloe.cl\/web\/en\/wp-json\/wp\/v2\/types\/page"}],"author":[{"embeddable":true,"href":"https:\/\/pinguineraschiloe.cl\/web\/en\/wp-json\/wp\/v2\/users\/1"}],"replies":[{"embeddable":true,"href":"https:\/\/pinguineraschiloe.cl\/web\/en\/wp-json\/wp\/v2\/comments?post=28"}],"version-history":[{"count":27,"href":"https:\/\/pinguineraschiloe.cl\/web\/en\/wp-json\/wp\/v2\/pages\/28\/revisions"}],"predecessor-version":[{"id":587,"href":"https:\/\/pinguineraschiloe.cl\/web\/en\/wp-json\/wp\/v2\/pages\/28\/revisions\/587"}],"wp:attachment":[{"href":"https:\/\/pinguineraschiloe.cl\/web\/en\/wp-json\/wp\/v2\/media?parent=28"}],"curies":[{"name":"wp","href":"https:\/\/api.w.org\/{rel}","templated":true}]}}