{"id":30,"date":"2018-10-31T02:37:00","date_gmt":"2018-10-31T02:37:00","guid":{"rendered":"http:\/\/pinguineraschiloe.cl\/web\/?page_id=30"},"modified":"2024-05-12T19:35:38","modified_gmt":"2024-05-12T22:35:38","slug":"contacto","status":"publish","type":"page","link":"https:\/\/pinguineraschiloe.cl\/web\/en\/contacto\/","title":{"rendered":"Contact"},"content":{"rendered":"<p>[et_pb_section bb_built=\u00bb1&#8243; fullwidth=\u00bbon\u00bb specialty=\u00bboff\u00bb next_background_color=\u00bb#000000&#8243;][et_pb_fullwidth_image _builder_version=\u00bb3.0.106&#8243; src=\u00bbhttp:\/\/pinguineraschiloe.cl\/web\/wp-content\/uploads\/2018\/12\/4.jpg\u00bb show_in_lightbox=\u00bboff\u00bb url_new_window=\u00bboff\u00bb use_overlay=\u00bboff\u00bb \/][\/et_pb_section][et_pb_section bb_built=\u00bb1&#8243; admin_label=\u00bbsection\u00bb prev_background_color=\u00bb#000000&#8243; next_background_color=\u00bb#000000&#8243;][et_pb_row][et_pb_column type=\u00bb4_4&#8243;][et_pb_text _builder_version=\u00bb3.0.106&#8243; background_layout=\u00bblight\u00bb]<\/p>\n<h4 style=\"text-align: center;\">Cont\u00e1ctanos<\/h4>\n<p style=\"text-align: center;\">Para mayor informaci\u00f3n sobre nuestros servicios, visitas de grupos y\/o de delegaciones o medios para facilitar su viaje, no dude en contactarnos<\/p>\n<p>&nbsp;<\/p>\n<p style=\"text-align: center;\">Tambi\u00e9n nos puede llamar al tel\u00e9fono <a href=\"https:\/\/api.whatsapp.com\/send\/?phone=56983174302&amp;text&amp;type=phone_number&amp;app_absent=0\" target=\"_blank\" rel=\"noopener\">+569 83174302<\/a> o enviar un e-mail directamente a <a href=\"mailto:hola@pinguineraschiloe.cl\">hola@pinguineraschiloe.cl<\/a><\/p>\n<p>&nbsp;<\/p>\n<p>[\/et_pb_text][\/et_pb_column][\/et_pb_row][\/et_pb_section][et_pb_section bb_built=\u00bb1&#8243; fullwidth=\u00bbon\u00bb specialty=\u00bboff\u00bb prev_background_color=\u00bb#000000&#8243;][et_pb_fullwidth_image _builder_version=\u00bb3.0.106&#8243; src=\u00bbhttp:\/\/pinguineraschiloe.cl\/web\/wp-content\/uploads\/2018\/12\/3.jpg\u00bb show_in_lightbox=\u00bboff\u00bb url_new_window=\u00bboff\u00bb use_overlay=\u00bboff\u00bb \/][\/et_pb_section]<\/p>\n","protected":false},"excerpt":{"rendered":"<p>[et_pb_section bb_built=\u00bb1&#8243; fullwidth=\u00bbon\u00bb specialty=\u00bboff\u00bb next_background_color=\u00bb#000000&#8243;][et_pb_fullwidth_image _builder_version=\u00bb3.0.106&#8243; src=\u00bbhttp:\/\/pinguineraschiloe.cl\/web\/wp-content\/uploads\/2018\/12\/4.jpg\u00bb show_in_lightbox=\u00bboff\u00bb url_new_window=\u00bboff\u00bb use_overlay=\u00bboff\u00bb \/][\/et_pb_section][et_pb_section bb_built=\u00bb1&#8243; admin_label=\u00bbsection\u00bb prev_background_color=\u00bb#000000&#8243; next_background_color=\u00bb#000000&#8243;][et_pb_row][et_pb_column type=\u00bb4_4&#8243;][et_pb_text _builder_version=\u00bb3.0.106&#8243; background_layout=\u00bblight\u00bb] Cont\u00e1ctanos Para mayor informaci\u00f3n sobre nuestros servicios, visitas de grupos y\/o de delegaciones o medios para facilitar su viaje, no dude en contactarnos &nbsp; Tambi\u00e9n nos puede llamar al tel\u00e9fono +569 83174302 o enviar un e-mail directamente [&hellip;]<\/p>\n","protected":false},"author":1,"featured_media":0,"parent":0,"menu_order":0,"comment_status":"closed","ping_status":"closed","template":"","meta":{"_joinchat":[],"footnotes":""},"class_list":["post-30","page","type-page","status-publish","hentry"],"yoast_head":"<!-- This site is optimized with the Yoast SEO plugin v27.4 - https:\/\/yoast.com\/product\/yoast-seo-wordpress\/ -->\n<title>Contacto - Ecoturismo Pu\u00f1ihuil<\/title>\n<meta name=\"robots\" content=\"index, follow, max-snippet:-1, max-image-preview:large, max-video-preview:-1\" \/>\n<link rel=\"canonical\" href=\"https:\/\/pinguineraschiloe.cl\/web\/en\/contacto\/\" \/>\n<meta property=\"og:locale\" content=\"en_US\" \/>\n<meta property=\"og:type\" content=\"article\" \/>\n<meta property=\"og:title\" content=\"Contacto - Ecoturismo Pu\u00f1ihuil\" \/>\n<meta property=\"og:description\" content=\"[et_pb_section bb_built=\u00bb1&#8243; fullwidth=\u00bbon\u00bb specialty=\u00bboff\u00bb next_background_color=\u00bb#000000&#8243;][et_pb_fullwidth_image _builder_version=\u00bb3.0.106&#8243; src=\u00bbhttp:\/\/pinguineraschiloe.cl\/web\/wp-content\/uploads\/2018\/12\/4.jpg\u00bb show_in_lightbox=\u00bboff\u00bb url_new_window=\u00bboff\u00bb use_overlay=\u00bboff\u00bb \/][\/et_pb_section][et_pb_section bb_built=\u00bb1&#8243; admin_label=\u00bbsection\u00bb prev_background_color=\u00bb#000000&#8243; next_background_color=\u00bb#000000&#8243;][et_pb_row][et_pb_column type=\u00bb4_4&#8243;][et_pb_text _builder_version=\u00bb3.0.106&#8243; background_layout=\u00bblight\u00bb] Cont\u00e1ctanos Para mayor informaci\u00f3n sobre nuestros servicios, visitas de grupos y\/o de delegaciones o medios para facilitar su viaje, no dude en contactarnos &nbsp; Tambi\u00e9n nos puede llamar al tel\u00e9fono +569 83174302 o enviar un e-mail directamente [&hellip;]\" \/>\n<meta property=\"og:url\" content=\"https:\/\/pinguineraschiloe.cl\/web\/en\/contacto\/\" \/>\n<meta property=\"og:site_name\" content=\"Ecoturismo Pu\u00f1ihuil\" \/>\n<meta property=\"article:publisher\" content=\"https:\/\/www.facebook.com\/ecopinguineraspunihuil\" \/>\n<meta property=\"article:modified_time\" content=\"2024-05-12T22:35:38+00:00\" \/>\n<meta name=\"twitter:card\" content=\"summary_large_image\" \/>\n<meta name=\"twitter:label1\" content=\"Est. reading time\" \/>\n\t<meta name=\"twitter:data1\" content=\"1 minute\" \/>\n<script type=\"application\/ld+json\" class=\"yoast-schema-graph\">{\"@context\":\"https:\\\/\\\/schema.org\",\"@graph\":[{\"@type\":\"WebPage\",\"@id\":\"https:\\\/\\\/pinguineraschiloe.cl\\\/web\\\/contacto\\\/\",\"url\":\"https:\\\/\\\/pinguineraschiloe.cl\\\/web\\\/contacto\\\/\",\"name\":\"Contacto - Ecoturismo Pu\u00f1ihuil\",\"isPartOf\":{\"@id\":\"https:\\\/\\\/pinguineraschiloe.cl\\\/web\\\/#website\"},\"datePublished\":\"2018-10-31T02:37:00+00:00\",\"dateModified\":\"2024-05-12T22:35:38+00:00\",\"breadcrumb\":{\"@id\":\"https:\\\/\\\/pinguineraschiloe.cl\\\/web\\\/contacto\\\/#breadcrumb\"},\"inLanguage\":\"en-US\",\"potentialAction\":[{\"@type\":\"ReadAction\",\"target\":[\"https:\\\/\\\/pinguineraschiloe.cl\\\/web\\\/contacto\\\/\"]}]},{\"@type\":\"BreadcrumbList\",\"@id\":\"https:\\\/\\\/pinguineraschiloe.cl\\\/web\\\/contacto\\\/#breadcrumb\",\"itemListElement\":[{\"@type\":\"ListItem\",\"position\":1,\"name\":\"Portada\",\"item\":\"https:\\\/\\\/pinguineraschiloe.cl\\\/web\\\/\"},{\"@type\":\"ListItem\",\"position\":2,\"name\":\"Contacto\"}]},{\"@type\":\"WebSite\",\"@id\":\"https:\\\/\\\/pinguineraschiloe.cl\\\/web\\\/#website\",\"url\":\"https:\\\/\\\/pinguineraschiloe.cl\\\/web\\\/\",\"name\":\"Ecoturismo Pu\u00f1ihuil\",\"description\":\"Tour en bote por Pu\u00f1ihuil, Chilo\u00e9\",\"publisher\":{\"@id\":\"https:\\\/\\\/pinguineraschiloe.cl\\\/web\\\/#organization\"},\"potentialAction\":[{\"@type\":\"SearchAction\",\"target\":{\"@type\":\"EntryPoint\",\"urlTemplate\":\"https:\\\/\\\/pinguineraschiloe.cl\\\/web\\\/?s={search_term_string}\"},\"query-input\":{\"@type\":\"PropertyValueSpecification\",\"valueRequired\":true,\"valueName\":\"search_term_string\"}}],\"inLanguage\":\"en-US\"},{\"@type\":\"Organization\",\"@id\":\"https:\\\/\\\/pinguineraschiloe.cl\\\/web\\\/#organization\",\"name\":\"Ecoturismo Pu\u00f1ihuil\",\"url\":\"https:\\\/\\\/pinguineraschiloe.cl\\\/web\\\/\",\"logo\":{\"@type\":\"ImageObject\",\"inLanguage\":\"en-US\",\"@id\":\"https:\\\/\\\/pinguineraschiloe.cl\\\/web\\\/#\\\/schema\\\/logo\\\/image\\\/\",\"url\":\"https:\\\/\\\/pinguineraschiloe.cl\\\/web\\\/wp-content\\\/uploads\\\/2018\\\/11\\\/logo.jpg\",\"contentUrl\":\"https:\\\/\\\/pinguineraschiloe.cl\\\/web\\\/wp-content\\\/uploads\\\/2018\\\/11\\\/logo.jpg\",\"width\":300,\"height\":300,\"caption\":\"Ecoturismo Pu\u00f1ihuil\"},\"image\":{\"@id\":\"https:\\\/\\\/pinguineraschiloe.cl\\\/web\\\/#\\\/schema\\\/logo\\\/image\\\/\"},\"sameAs\":[\"https:\\\/\\\/www.facebook.com\\\/ecopinguineraspunihuil\",\"https:\\\/\\\/instagram.com\\\/ecopunihuil\"]}]}<\/script>\n<!-- \/ Yoast SEO plugin. -->","yoast_head_json":{"title":"Contacto - Ecoturismo Pu\u00f1ihuil","robots":{"index":"index","follow":"follow","max-snippet":"max-snippet:-1","max-image-preview":"max-image-preview:large","max-video-preview":"max-video-preview:-1"},"canonical":"https:\/\/pinguineraschiloe.cl\/web\/en\/contacto\/","og_locale":"en_US","og_type":"article","og_title":"Contacto - Ecoturismo Pu\u00f1ihuil","og_description":"[et_pb_section bb_built=\u00bb1&#8243; fullwidth=\u00bbon\u00bb specialty=\u00bboff\u00bb next_background_color=\u00bb#000000&#8243;][et_pb_fullwidth_image _builder_version=\u00bb3.0.106&#8243; src=\u00bbhttp:\/\/pinguineraschiloe.cl\/web\/wp-content\/uploads\/2018\/12\/4.jpg\u00bb show_in_lightbox=\u00bboff\u00bb url_new_window=\u00bboff\u00bb use_overlay=\u00bboff\u00bb \/][\/et_pb_section][et_pb_section bb_built=\u00bb1&#8243; admin_label=\u00bbsection\u00bb prev_background_color=\u00bb#000000&#8243; next_background_color=\u00bb#000000&#8243;][et_pb_row][et_pb_column type=\u00bb4_4&#8243;][et_pb_text _builder_version=\u00bb3.0.106&#8243; background_layout=\u00bblight\u00bb] Cont\u00e1ctanos Para mayor informaci\u00f3n sobre nuestros servicios, visitas de grupos y\/o de delegaciones o medios para facilitar su viaje, no dude en contactarnos &nbsp; Tambi\u00e9n nos puede llamar al tel\u00e9fono +569 83174302 o enviar un e-mail directamente [&hellip;]","og_url":"https:\/\/pinguineraschiloe.cl\/web\/en\/contacto\/","og_site_name":"Ecoturismo Pu\u00f1ihuil","article_publisher":"https:\/\/www.facebook.com\/ecopinguineraspunihuil","article_modified_time":"2024-05-12T22:35:38+00:00","twitter_card":"summary_large_image","twitter_misc":{"Est. reading time":"1 minute"},"schema":{"@context":"https:\/\/schema.org","@graph":[{"@type":"WebPage","@id":"https:\/\/pinguineraschiloe.cl\/web\/contacto\/","url":"https:\/\/pinguineraschiloe.cl\/web\/contacto\/","name":"Contacto - Ecoturismo Pu\u00f1ihuil","isPartOf":{"@id":"https:\/\/pinguineraschiloe.cl\/web\/#website"},"datePublished":"2018-10-31T02:37:00+00:00","dateModified":"2024-05-12T22:35:38+00:00","breadcrumb":{"@id":"https:\/\/pinguineraschiloe.cl\/web\/contacto\/#breadcrumb"},"inLanguage":"en-US","potentialAction":[{"@type":"ReadAction","target":["https:\/\/pinguineraschiloe.cl\/web\/contacto\/"]}]},{"@type":"BreadcrumbList","@id":"https:\/\/pinguineraschiloe.cl\/web\/contacto\/#breadcrumb","itemListElement":[{"@type":"ListItem","position":1,"name":"Portada","item":"https:\/\/pinguineraschiloe.cl\/web\/"},{"@type":"ListItem","position":2,"name":"Contacto"}]},{"@type":"WebSite","@id":"https:\/\/pinguineraschiloe.cl\/web\/#website","url":"https:\/\/pinguineraschiloe.cl\/web\/","name":"Ecotourism Pu\u00f1ihuil","description":"Tour en bote por Pu\u00f1ihuil, Chilo\u00e9","publisher":{"@id":"https:\/\/pinguineraschiloe.cl\/web\/#organization"},"potentialAction":[{"@type":"SearchAction","target":{"@type":"EntryPoint","urlTemplate":"https:\/\/pinguineraschiloe.cl\/web\/?s={search_term_string}"},"query-input":{"@type":"PropertyValueSpecification","valueRequired":true,"valueName":"search_term_string"}}],"inLanguage":"en-US"},{"@type":"Organization","@id":"https:\/\/pinguineraschiloe.cl\/web\/#organization","name":"Ecotourism Pu\u00f1ihuil","url":"https:\/\/pinguineraschiloe.cl\/web\/","logo":{"@type":"ImageObject","inLanguage":"en-US","@id":"https:\/\/pinguineraschiloe.cl\/web\/#\/schema\/logo\/image\/","url":"https:\/\/pinguineraschiloe.cl\/web\/wp-content\/uploads\/2018\/11\/logo.jpg","contentUrl":"https:\/\/pinguineraschiloe.cl\/web\/wp-content\/uploads\/2018\/11\/logo.jpg","width":300,"height":300,"caption":"Ecoturismo Pu\u00f1ihuil"},"image":{"@id":"https:\/\/pinguineraschiloe.cl\/web\/#\/schema\/logo\/image\/"},"sameAs":["https:\/\/www.facebook.com\/ecopinguineraspunihuil","https:\/\/instagram.com\/ecopunihuil"]}]}},"_links":{"self":[{"href":"https:\/\/pinguineraschiloe.cl\/web\/en\/wp-json\/wp\/v2\/pages\/30","targetHints":{"allow":["GET"]}}],"collection":[{"href":"https:\/\/pinguineraschiloe.cl\/web\/en\/wp-json\/wp\/v2\/pages"}],"about":[{"href":"https:\/\/pinguineraschiloe.cl\/web\/en\/wp-json\/wp\/v2\/types\/page"}],"author":[{"embeddable":true,"href":"https:\/\/pinguineraschiloe.cl\/web\/en\/wp-json\/wp\/v2\/users\/1"}],"replies":[{"embeddable":true,"href":"https:\/\/pinguineraschiloe.cl\/web\/en\/wp-json\/wp\/v2\/comments?post=30"}],"version-history":[{"count":13,"href":"https:\/\/pinguineraschiloe.cl\/web\/en\/wp-json\/wp\/v2\/pages\/30\/revisions"}],"predecessor-version":[{"id":130,"href":"https:\/\/pinguineraschiloe.cl\/web\/en\/wp-json\/wp\/v2\/pages\/30\/revisions\/130"}],"wp:attachment":[{"href":"https:\/\/pinguineraschiloe.cl\/web\/en\/wp-json\/wp\/v2\/media?parent=30"}],"curies":[{"name":"wp","href":"https:\/\/api.w.org\/{rel}","templated":true}]}}