{"id":24,"date":"2018-10-31T02:36:05","date_gmt":"2018-10-31T02:36:05","guid":{"rendered":"http:\/\/pinguineraschiloe.cl\/web\/?page_id=24"},"modified":"2023-10-26T14:56:55","modified_gmt":"2023-10-26T17:56:55","slug":"pinguineras-de-punihuil","status":"publish","type":"page","link":"https:\/\/pinguineraschiloe.cl\/web\/pinguineras-de-punihuil\/","title":{"rendered":"Ping\u00fcineras de Pu\u00f1ihuil"},"content":{"rendered":"<p>[et_pb_section bb_built=\u00bb1&#8243; fullwidth=\u00bbon\u00bb specialty=\u00bboff\u00bb next_background_color=\u00bb#000000&#8243;][et_pb_fullwidth_image _builder_version=\u00bb3.0.106&#8243; src=\u00bbhttp:\/\/pinguineraschiloe.cl\/web\/wp-content\/uploads\/2018\/12\/Banner-pin.jpg\u00bb show_in_lightbox=\u00bboff\u00bb url_new_window=\u00bboff\u00bb use_overlay=\u00bboff\u00bb \/][et_pb_fullwidth_image _builder_version=\u00bb3.0.106&#8243; src=\u00bbhttp:\/\/pinguineraschiloe.cl\/web\/wp-content\/uploads\/2018\/11\/linea.jpg\u00bb show_in_lightbox=\u00bboff\u00bb url_new_window=\u00bboff\u00bb use_overlay=\u00bboff\u00bb \/][\/et_pb_section][et_pb_section bb_built=\u00bb1&#8243; fullwidth=\u00bboff\u00bb specialty=\u00bboff\u00bb prev_background_color=\u00bb#000000&#8243; next_background_color=\u00bb#000000&#8243;][et_pb_row][et_pb_column type=\u00bb1_2&#8243;][et_pb_image _builder_version=\u00bb3.0.106&#8243; src=\u00bbhttps:\/\/pinguineraschiloe.cl\/web\/wp-content\/uploads\/2018\/11\/logo.jpg\u00bb show_in_lightbox=\u00bboff\u00bb url_new_window=\u00bboff\u00bb use_overlay=\u00bboff\u00bb always_center_on_mobile=\u00bbon\u00bb force_fullwidth=\u00bboff\u00bb show_bottom_space=\u00bbon\u00bb \/][et_pb_text _builder_version=\u00bb3.0.106&#8243; background_layout=\u00bblight\u00bb]<\/p>\n<p style=\"text-align: justify;\">En 1999 los Islotes de Pu\u00f1ihuil fueron declarados Monumento Natural porque son un lugar importante para la reproducci\u00f3n de una colonia mixta de ping\u00fcinos de Humboldt y de Magallanes, un fen\u00f3meno que no se puede observar en muchos lugares en Chile. Adem\u00e1s albergan varias otras aves y tambi\u00e9n nutrias del mar.<\/p>\n<p style=\"text-align: justify;\">Para proteger este ecosistema los paseos en bote son regulados por una ordenanza municipal que limita la cantidad de salidas por d\u00eda.<\/p>\n<p style=\"text-align: justify;\"><strong><em>In 1999 the 3 little islets of Pu\u00f1ihuil were declared Natural Monument because they are an important site for the reproduction of the Humboldt and the Magellanic penguins. A mixed penguin colony like this is not very common in Chile. In addition, the islets are the habitat for several other birds and also marine otters.<\/em><\/strong><\/p>\n<p style=\"text-align: justify;\"><strong><em>In order to protect this particular eco system, the boat trips are operated in accordance with a local regulation which limits the<\/em><\/strong><br \/>\n<strong><em>number of tours per day.<\/em><\/strong><\/p>\n<p>[\/et_pb_text][\/et_pb_column][et_pb_column type=\u00bb1_2&#8243;][et_pb_text _builder_version=\u00bb3.0.106&#8243; background_layout=\u00bblight\u00bb]<\/p>\n<h2><strong>Ecoturismo <span style=\"color: #c4b943;\">Pu\u00f1ihuil<\/span><\/strong><\/h2>\n<p><strong>Paseos en bote para observar fauna marina \/ Boat trips for marine watching<\/strong><br \/>\ncontacto@pinguineraschiloe.cl<br \/>\n+56 9 8317 4302<\/p>\n<p><strong>TEMPORADA DE AVISTAMIENTOS ENTRE SEPTIEMBRE Y MARZO<\/strong>, salidas sujetas a condiciones clim\u00e1ticas.<\/p>\n<p>Horarios salidas &#8211; timetable 10:45 \u2013 17:30<\/p>\n<p>Adem\u00e1s:<br \/>\n<em>Centro de visitantes con informaci\u00f3n sobre fauna local &#8211; Venta de souvenirs &#8211; Ba\u00f1o inclusivo (Visitors Centre with info about local fauna &amp; souvenirs, accessible toilet available)<\/em><\/p>\n<p>[\/et_pb_text][et_pb_text _builder_version=\u00bb3.0.106&#8243; background_layout=\u00bblight\u00bb]<\/p>\n<p><strong>S\u00edguenos en nuestras redes sociales <\/strong><\/p>\n<p>[\/et_pb_text][et_pb_social_media_follow _builder_version=\u00bb3.0.106&#8243; url_new_window=\u00bbon\u00bb follow_button=\u00bbon\u00bb background_layout=\u00bblight\u00bb][et_pb_social_media_follow_network _builder_version=\u00bb3.0.106&#8243; social_network=\u00bbfacebook\u00bb skype_action=\u00bbcall\u00bb url=\u00bbhttps:\/\/www.facebook.com\/ecopinguineraspunihuil\/\u00bb background_color=\u00bb#3b5998&#8243; use_background_color_gradient=\u00bboff\u00bb background_color_gradient_start=\u00bb#2b87da\u00bb background_color_gradient_end=\u00bb#29c4a9&#8243; background_color_gradient_type=\u00bblinear\u00bb background_color_gradient_direction=\u00bb180deg\u00bb background_color_gradient_direction_radial=\u00bbcenter\u00bb background_color_gradient_start_position=\u00bb0%\u00bb background_color_gradient_end_position=\u00bb100%\u00bb background_color_gradient_overlays_image=\u00bboff\u00bb parallax=\u00bboff\u00bb parallax_method=\u00bbon\u00bb background_size=\u00bbcover\u00bb background_position=\u00bbcenter\u00bb background_repeat=\u00bbno-repeat\u00bb background_blend=\u00bbnormal\u00bb allow_player_pause=\u00bboff\u00bb background_video_pause_outside_viewport=\u00bbon\u00bb box_shadow_style=\u00bbnone\u00bb]<\/p>\n<p>Facebook<\/p>\n<p>[\/et_pb_social_media_follow_network][\/et_pb_social_media_follow][\/et_pb_column][\/et_pb_row][\/et_pb_section][et_pb_section bb_built=\u00bb1&#8243; fullwidth=\u00bbon\u00bb specialty=\u00bboff\u00bb prev_background_color=\u00bb#000000&#8243;][et_pb_fullwidth_image _builder_version=\u00bb3.0.106&#8243; src=\u00bbhttp:\/\/pinguineraschiloe.cl\/web\/wp-content\/uploads\/2018\/10\/Mesa-de-trabajo-2-5.jpg\u00bb show_in_lightbox=\u00bboff\u00bb url_new_window=\u00bboff\u00bb use_overlay=\u00bboff\u00bb \/][\/et_pb_section]<\/p>\n","protected":false},"excerpt":{"rendered":"<p>[et_pb_section bb_built=\u00bb1&#8243; fullwidth=\u00bbon\u00bb specialty=\u00bboff\u00bb next_background_color=\u00bb#000000&#8243;][et_pb_fullwidth_image _builder_version=\u00bb3.0.106&#8243; src=\u00bbhttp:\/\/pinguineraschiloe.cl\/web\/wp-content\/uploads\/2018\/12\/Banner-pin.jpg\u00bb show_in_lightbox=\u00bboff\u00bb url_new_window=\u00bboff\u00bb use_overlay=\u00bboff\u00bb \/][et_pb_fullwidth_image _builder_version=\u00bb3.0.106&#8243; src=\u00bbhttp:\/\/pinguineraschiloe.cl\/web\/wp-content\/uploads\/2018\/11\/linea.jpg\u00bb show_in_lightbox=\u00bboff\u00bb url_new_window=\u00bboff\u00bb use_overlay=\u00bboff\u00bb \/][\/et_pb_section][et_pb_section bb_built=\u00bb1&#8243; fullwidth=\u00bboff\u00bb specialty=\u00bboff\u00bb prev_background_color=\u00bb#000000&#8243; next_background_color=\u00bb#000000&#8243;][et_pb_row][et_pb_column type=\u00bb1_2&#8243;][et_pb_image _builder_version=\u00bb3.0.106&#8243; src=\u00bbhttps:\/\/pinguineraschiloe.cl\/web\/wp-content\/uploads\/2018\/11\/logo.jpg\u00bb show_in_lightbox=\u00bboff\u00bb url_new_window=\u00bboff\u00bb use_overlay=\u00bboff\u00bb always_center_on_mobile=\u00bbon\u00bb force_fullwidth=\u00bboff\u00bb show_bottom_space=\u00bbon\u00bb \/][et_pb_text _builder_version=\u00bb3.0.106&#8243; background_layout=\u00bblight\u00bb] En 1999 los Islotes de Pu\u00f1ihuil fueron declarados Monumento Natural porque son un lugar importante para la reproducci\u00f3n de una colonia [&hellip;]<\/p>\n","protected":false},"author":1,"featured_media":0,"parent":0,"menu_order":0,"comment_status":"closed","ping_status":"closed","template":"","meta":{"_joinchat":[],"footnotes":""},"class_list":["post-24","page","type-page","status-publish","hentry"],"yoast_head":"<!-- This site is optimized with the Yoast SEO plugin v27.4 - https:\/\/yoast.com\/product\/yoast-seo-wordpress\/ -->\n<title>Ping\u00fcineras de Pu\u00f1ihuil - Ecoturismo Pu\u00f1ihuil<\/title>\n<meta name=\"robots\" content=\"index, follow, max-snippet:-1, max-image-preview:large, max-video-preview:-1\" \/>\n<link rel=\"canonical\" href=\"https:\/\/pinguineraschiloe.cl\/web\/pinguineras-de-punihuil\/\" \/>\n<meta property=\"og:locale\" content=\"es_ES\" \/>\n<meta property=\"og:type\" content=\"article\" \/>\n<meta property=\"og:title\" content=\"Ping\u00fcineras de Pu\u00f1ihuil - Ecoturismo Pu\u00f1ihuil\" \/>\n<meta property=\"og:description\" content=\"[et_pb_section bb_built=\u00bb1&#8243; fullwidth=\u00bbon\u00bb specialty=\u00bboff\u00bb next_background_color=\u00bb#000000&#8243;][et_pb_fullwidth_image _builder_version=\u00bb3.0.106&#8243; src=\u00bbhttp:\/\/pinguineraschiloe.cl\/web\/wp-content\/uploads\/2018\/12\/Banner-pin.jpg\u00bb show_in_lightbox=\u00bboff\u00bb url_new_window=\u00bboff\u00bb use_overlay=\u00bboff\u00bb \/][et_pb_fullwidth_image _builder_version=\u00bb3.0.106&#8243; src=\u00bbhttp:\/\/pinguineraschiloe.cl\/web\/wp-content\/uploads\/2018\/11\/linea.jpg\u00bb show_in_lightbox=\u00bboff\u00bb url_new_window=\u00bboff\u00bb use_overlay=\u00bboff\u00bb \/][\/et_pb_section][et_pb_section bb_built=\u00bb1&#8243; fullwidth=\u00bboff\u00bb specialty=\u00bboff\u00bb prev_background_color=\u00bb#000000&#8243; next_background_color=\u00bb#000000&#8243;][et_pb_row][et_pb_column type=\u00bb1_2&#8243;][et_pb_image _builder_version=\u00bb3.0.106&#8243; src=\u00bbhttps:\/\/pinguineraschiloe.cl\/web\/wp-content\/uploads\/2018\/11\/logo.jpg\u00bb show_in_lightbox=\u00bboff\u00bb url_new_window=\u00bboff\u00bb use_overlay=\u00bboff\u00bb always_center_on_mobile=\u00bbon\u00bb force_fullwidth=\u00bboff\u00bb show_bottom_space=\u00bbon\u00bb \/][et_pb_text _builder_version=\u00bb3.0.106&#8243; background_layout=\u00bblight\u00bb] En 1999 los Islotes de Pu\u00f1ihuil fueron declarados Monumento Natural porque son un lugar importante para la reproducci\u00f3n de una colonia [&hellip;]\" \/>\n<meta property=\"og:url\" content=\"https:\/\/pinguineraschiloe.cl\/web\/pinguineras-de-punihuil\/\" \/>\n<meta property=\"og:site_name\" content=\"Ecoturismo Pu\u00f1ihuil\" \/>\n<meta property=\"article:publisher\" content=\"https:\/\/www.facebook.com\/ecopinguineraspunihuil\" \/>\n<meta property=\"article:modified_time\" content=\"2023-10-26T17:56:55+00:00\" \/>\n<meta name=\"twitter:card\" content=\"summary_large_image\" \/>\n<meta name=\"twitter:label1\" content=\"Tiempo de lectura\" \/>\n\t<meta name=\"twitter:data1\" content=\"2 minutos\" \/>\n<script type=\"application\/ld+json\" class=\"yoast-schema-graph\">{\"@context\":\"https:\\\/\\\/schema.org\",\"@graph\":[{\"@type\":\"WebPage\",\"@id\":\"https:\\\/\\\/pinguineraschiloe.cl\\\/web\\\/pinguineras-de-punihuil\\\/\",\"url\":\"https:\\\/\\\/pinguineraschiloe.cl\\\/web\\\/pinguineras-de-punihuil\\\/\",\"name\":\"Ping\u00fcineras de Pu\u00f1ihuil - Ecoturismo Pu\u00f1ihuil\",\"isPartOf\":{\"@id\":\"https:\\\/\\\/pinguineraschiloe.cl\\\/web\\\/#website\"},\"datePublished\":\"2018-10-31T02:36:05+00:00\",\"dateModified\":\"2023-10-26T17:56:55+00:00\",\"breadcrumb\":{\"@id\":\"https:\\\/\\\/pinguineraschiloe.cl\\\/web\\\/pinguineras-de-punihuil\\\/#breadcrumb\"},\"inLanguage\":\"es\",\"potentialAction\":[{\"@type\":\"ReadAction\",\"target\":[\"https:\\\/\\\/pinguineraschiloe.cl\\\/web\\\/pinguineras-de-punihuil\\\/\"]}]},{\"@type\":\"BreadcrumbList\",\"@id\":\"https:\\\/\\\/pinguineraschiloe.cl\\\/web\\\/pinguineras-de-punihuil\\\/#breadcrumb\",\"itemListElement\":[{\"@type\":\"ListItem\",\"position\":1,\"name\":\"Portada\",\"item\":\"https:\\\/\\\/pinguineraschiloe.cl\\\/web\\\/\"},{\"@type\":\"ListItem\",\"position\":2,\"name\":\"Ping\u00fcineras de Pu\u00f1ihuil\"}]},{\"@type\":\"WebSite\",\"@id\":\"https:\\\/\\\/pinguineraschiloe.cl\\\/web\\\/#website\",\"url\":\"https:\\\/\\\/pinguineraschiloe.cl\\\/web\\\/\",\"name\":\"Ecoturismo Pu\u00f1ihuil\",\"description\":\"Tour en bote por Pu\u00f1ihuil, Chilo\u00e9\",\"publisher\":{\"@id\":\"https:\\\/\\\/pinguineraschiloe.cl\\\/web\\\/#organization\"},\"potentialAction\":[{\"@type\":\"SearchAction\",\"target\":{\"@type\":\"EntryPoint\",\"urlTemplate\":\"https:\\\/\\\/pinguineraschiloe.cl\\\/web\\\/?s={search_term_string}\"},\"query-input\":{\"@type\":\"PropertyValueSpecification\",\"valueRequired\":true,\"valueName\":\"search_term_string\"}}],\"inLanguage\":\"es\"},{\"@type\":\"Organization\",\"@id\":\"https:\\\/\\\/pinguineraschiloe.cl\\\/web\\\/#organization\",\"name\":\"Ecoturismo Pu\u00f1ihuil\",\"url\":\"https:\\\/\\\/pinguineraschiloe.cl\\\/web\\\/\",\"logo\":{\"@type\":\"ImageObject\",\"inLanguage\":\"es\",\"@id\":\"https:\\\/\\\/pinguineraschiloe.cl\\\/web\\\/#\\\/schema\\\/logo\\\/image\\\/\",\"url\":\"https:\\\/\\\/pinguineraschiloe.cl\\\/web\\\/wp-content\\\/uploads\\\/2018\\\/11\\\/logo.jpg\",\"contentUrl\":\"https:\\\/\\\/pinguineraschiloe.cl\\\/web\\\/wp-content\\\/uploads\\\/2018\\\/11\\\/logo.jpg\",\"width\":300,\"height\":300,\"caption\":\"Ecoturismo Pu\u00f1ihuil\"},\"image\":{\"@id\":\"https:\\\/\\\/pinguineraschiloe.cl\\\/web\\\/#\\\/schema\\\/logo\\\/image\\\/\"},\"sameAs\":[\"https:\\\/\\\/www.facebook.com\\\/ecopinguineraspunihuil\",\"https:\\\/\\\/instagram.com\\\/ecopunihuil\"]}]}<\/script>\n<!-- \/ Yoast SEO plugin. -->","yoast_head_json":{"title":"Ping\u00fcineras de Pu\u00f1ihuil - Ecoturismo Pu\u00f1ihuil","robots":{"index":"index","follow":"follow","max-snippet":"max-snippet:-1","max-image-preview":"max-image-preview:large","max-video-preview":"max-video-preview:-1"},"canonical":"https:\/\/pinguineraschiloe.cl\/web\/pinguineras-de-punihuil\/","og_locale":"es_ES","og_type":"article","og_title":"Ping\u00fcineras de Pu\u00f1ihuil - Ecoturismo Pu\u00f1ihuil","og_description":"[et_pb_section bb_built=\u00bb1&#8243; fullwidth=\u00bbon\u00bb specialty=\u00bboff\u00bb next_background_color=\u00bb#000000&#8243;][et_pb_fullwidth_image _builder_version=\u00bb3.0.106&#8243; src=\u00bbhttp:\/\/pinguineraschiloe.cl\/web\/wp-content\/uploads\/2018\/12\/Banner-pin.jpg\u00bb show_in_lightbox=\u00bboff\u00bb url_new_window=\u00bboff\u00bb use_overlay=\u00bboff\u00bb \/][et_pb_fullwidth_image _builder_version=\u00bb3.0.106&#8243; src=\u00bbhttp:\/\/pinguineraschiloe.cl\/web\/wp-content\/uploads\/2018\/11\/linea.jpg\u00bb show_in_lightbox=\u00bboff\u00bb url_new_window=\u00bboff\u00bb use_overlay=\u00bboff\u00bb \/][\/et_pb_section][et_pb_section bb_built=\u00bb1&#8243; fullwidth=\u00bboff\u00bb specialty=\u00bboff\u00bb prev_background_color=\u00bb#000000&#8243; next_background_color=\u00bb#000000&#8243;][et_pb_row][et_pb_column type=\u00bb1_2&#8243;][et_pb_image _builder_version=\u00bb3.0.106&#8243; src=\u00bbhttps:\/\/pinguineraschiloe.cl\/web\/wp-content\/uploads\/2018\/11\/logo.jpg\u00bb show_in_lightbox=\u00bboff\u00bb url_new_window=\u00bboff\u00bb use_overlay=\u00bboff\u00bb always_center_on_mobile=\u00bbon\u00bb force_fullwidth=\u00bboff\u00bb show_bottom_space=\u00bbon\u00bb \/][et_pb_text _builder_version=\u00bb3.0.106&#8243; background_layout=\u00bblight\u00bb] En 1999 los Islotes de Pu\u00f1ihuil fueron declarados Monumento Natural porque son un lugar importante para la reproducci\u00f3n de una colonia [&hellip;]","og_url":"https:\/\/pinguineraschiloe.cl\/web\/pinguineras-de-punihuil\/","og_site_name":"Ecoturismo Pu\u00f1ihuil","article_publisher":"https:\/\/www.facebook.com\/ecopinguineraspunihuil","article_modified_time":"2023-10-26T17:56:55+00:00","twitter_card":"summary_large_image","twitter_misc":{"Tiempo de lectura":"2 minutos"},"schema":{"@context":"https:\/\/schema.org","@graph":[{"@type":"WebPage","@id":"https:\/\/pinguineraschiloe.cl\/web\/pinguineras-de-punihuil\/","url":"https:\/\/pinguineraschiloe.cl\/web\/pinguineras-de-punihuil\/","name":"Ping\u00fcineras de Pu\u00f1ihuil - Ecoturismo Pu\u00f1ihuil","isPartOf":{"@id":"https:\/\/pinguineraschiloe.cl\/web\/#website"},"datePublished":"2018-10-31T02:36:05+00:00","dateModified":"2023-10-26T17:56:55+00:00","breadcrumb":{"@id":"https:\/\/pinguineraschiloe.cl\/web\/pinguineras-de-punihuil\/#breadcrumb"},"inLanguage":"es","potentialAction":[{"@type":"ReadAction","target":["https:\/\/pinguineraschiloe.cl\/web\/pinguineras-de-punihuil\/"]}]},{"@type":"BreadcrumbList","@id":"https:\/\/pinguineraschiloe.cl\/web\/pinguineras-de-punihuil\/#breadcrumb","itemListElement":[{"@type":"ListItem","position":1,"name":"Portada","item":"https:\/\/pinguineraschiloe.cl\/web\/"},{"@type":"ListItem","position":2,"name":"Ping\u00fcineras de Pu\u00f1ihuil"}]},{"@type":"WebSite","@id":"https:\/\/pinguineraschiloe.cl\/web\/#website","url":"https:\/\/pinguineraschiloe.cl\/web\/","name":"Ecoturismo Pu\u00f1ihuil","description":"Tour en bote por Pu\u00f1ihuil, Chilo\u00e9","publisher":{"@id":"https:\/\/pinguineraschiloe.cl\/web\/#organization"},"potentialAction":[{"@type":"SearchAction","target":{"@type":"EntryPoint","urlTemplate":"https:\/\/pinguineraschiloe.cl\/web\/?s={search_term_string}"},"query-input":{"@type":"PropertyValueSpecification","valueRequired":true,"valueName":"search_term_string"}}],"inLanguage":"es"},{"@type":"Organization","@id":"https:\/\/pinguineraschiloe.cl\/web\/#organization","name":"Ecoturismo Pu\u00f1ihuil","url":"https:\/\/pinguineraschiloe.cl\/web\/","logo":{"@type":"ImageObject","inLanguage":"es","@id":"https:\/\/pinguineraschiloe.cl\/web\/#\/schema\/logo\/image\/","url":"https:\/\/pinguineraschiloe.cl\/web\/wp-content\/uploads\/2018\/11\/logo.jpg","contentUrl":"https:\/\/pinguineraschiloe.cl\/web\/wp-content\/uploads\/2018\/11\/logo.jpg","width":300,"height":300,"caption":"Ecoturismo Pu\u00f1ihuil"},"image":{"@id":"https:\/\/pinguineraschiloe.cl\/web\/#\/schema\/logo\/image\/"},"sameAs":["https:\/\/www.facebook.com\/ecopinguineraspunihuil","https:\/\/instagram.com\/ecopunihuil"]}]}},"_links":{"self":[{"href":"https:\/\/pinguineraschiloe.cl\/web\/wp-json\/wp\/v2\/pages\/24","targetHints":{"allow":["GET"]}}],"collection":[{"href":"https:\/\/pinguineraschiloe.cl\/web\/wp-json\/wp\/v2\/pages"}],"about":[{"href":"https:\/\/pinguineraschiloe.cl\/web\/wp-json\/wp\/v2\/types\/page"}],"author":[{"embeddable":true,"href":"https:\/\/pinguineraschiloe.cl\/web\/wp-json\/wp\/v2\/users\/1"}],"replies":[{"embeddable":true,"href":"https:\/\/pinguineraschiloe.cl\/web\/wp-json\/wp\/v2\/comments?post=24"}],"version-history":[{"count":32,"href":"https:\/\/pinguineraschiloe.cl\/web\/wp-json\/wp\/v2\/pages\/24\/revisions"}],"predecessor-version":[{"id":586,"href":"https:\/\/pinguineraschiloe.cl\/web\/wp-json\/wp\/v2\/pages\/24\/revisions\/586"}],"wp:attachment":[{"href":"https:\/\/pinguineraschiloe.cl\/web\/wp-json\/wp\/v2\/media?parent=24"}],"curies":[{"name":"wp","href":"https:\/\/api.w.org\/{rel}","templated":true}]}}